{"id":30,"date":"2024-12-11T11:18:53","date_gmt":"2024-12-11T10:18:53","guid":{"rendered":"http:\/\/jesature.com\/?page_id=30"},"modified":"2024-12-14T00:46:29","modified_gmt":"2024-12-13T23:46:29","slug":"qui-sommes-nous","status":"publish","type":"page","link":"https:\/\/jesature.com\/?page_id=30","title":{"rendered":"Qui sommes-nous?"},"content":{"rendered":"\n<div class=\"wp-block-group alignfull is-layout-flow wp-block-group-is-layout-flow\" style=\"padding-right:2rem;padding-left:2rem\">\n<div class=\"wp-block-group is-layout-constrained wp-block-group-is-layout-constrained\">\n<div class=\"wp-block-columns alignwide is-layout-flex wp-container-core-columns-is-layout-28f84493 wp-block-columns-is-layout-flex\">\n<div class=\"wp-block-column is-layout-flow wp-block-column-is-layout-flow\">\n<figure class=\"wp-block-image size-full has-custom-border is-style-nelly-round-edges is-style-dololo-round-edges is-style-default\"><img loading=\"lazy\" decoding=\"async\" width=\"1170\" height=\"781\" src=\"http:\/\/jesature.com\/wp-content\/uploads\/2024\/12\/Philippe_Aim_Alicia_Mangeot_Astri-5962.jpg\" alt=\"\" class=\"wp-image-51\" style=\"border-top-left-radius:0px;border-top-right-radius:0px\" srcset=\"https:\/\/jesature.com\/wp-content\/uploads\/2024\/12\/Philippe_Aim_Alicia_Mangeot_Astri-5962.jpg 1170w, https:\/\/jesature.com\/wp-content\/uploads\/2024\/12\/Philippe_Aim_Alicia_Mangeot_Astri-5962-300x200.jpg 300w, https:\/\/jesature.com\/wp-content\/uploads\/2024\/12\/Philippe_Aim_Alicia_Mangeot_Astri-5962-1024x684.jpg 1024w, https:\/\/jesature.com\/wp-content\/uploads\/2024\/12\/Philippe_Aim_Alicia_Mangeot_Astri-5962-768x513.jpg 768w\" sizes=\"auto, (max-width: 1170px) 100vw, 1170px\" \/><\/figure>\n<\/div>\n\n\n\n<div class=\"wp-block-column is-layout-flow wp-block-column-is-layout-flow\">\n<figure class=\"wp-block-image size-full has-custom-border is-style-nelly-round-edges is-style-dololo-round-edges is-style-default\"><img loading=\"lazy\" decoding=\"async\" width=\"1170\" height=\"781\" src=\"http:\/\/jesature.com\/wp-content\/uploads\/2024\/12\/Philippe_Aim_Alicia_Mangeot_Astri-5946.jpg\" alt=\"\" class=\"wp-image-52\" style=\"border-top-left-radius:0px;border-top-right-radius:0px\" srcset=\"https:\/\/jesature.com\/wp-content\/uploads\/2024\/12\/Philippe_Aim_Alicia_Mangeot_Astri-5946.jpg 1170w, https:\/\/jesature.com\/wp-content\/uploads\/2024\/12\/Philippe_Aim_Alicia_Mangeot_Astri-5946-300x200.jpg 300w, https:\/\/jesature.com\/wp-content\/uploads\/2024\/12\/Philippe_Aim_Alicia_Mangeot_Astri-5946-1024x684.jpg 1024w, https:\/\/jesature.com\/wp-content\/uploads\/2024\/12\/Philippe_Aim_Alicia_Mangeot_Astri-5946-768x513.jpg 768w\" sizes=\"auto, (max-width: 1170px) 100vw, 1170px\" \/><\/figure>\n<\/div>\n<\/div>\n\n\n\n<div class=\"wp-block-columns alignwide is-layout-flex wp-container-core-columns-is-layout-28f84493 wp-block-columns-is-layout-flex\">\n<div class=\"wp-block-column is-vertically-aligned-top has-background-color has-text-color has-background is-layout-flow wp-block-column-is-layout-flow\" style=\"background:linear-gradient(315deg,rgb(0,0,0) 93%,rgb(255,255,255) 93%);padding-top:35px;padding-right:35px;padding-bottom:35px;padding-left:35px\">\n<h2 class=\"wp-block-heading has-text-align-left has-large-font-size\" style=\"margin-top:40px;font-style:normal;font-weight:700;line-height:0.1;text-transform:capitalize\"><mark style=\"background-color:rgba(0, 0, 0, 0)\" class=\"has-inline-color has-secondary-color\">Alicia SANDON<\/mark><\/h2>\n\n\n\n<p class=\"has-text-align-left\" style=\"font-size:14px;font-style:normal;font-weight:400;line-height:0.1\"><mark style=\"background-color:rgba(0, 0, 0, 0)\" class=\"has-inline-color has-secondary-color\">Psychologue<\/mark><\/p>\n\n\n\n<p class=\"has-text-align-left\" style=\"font-size:16px;font-style:normal;font-weight:300\">Je m&rsquo;appelle Alicia SANDON, je suis psychologue \u00e0 Verdun et formatrice en hypnose, en th\u00e9rapies br\u00e8ves narratives, et quelques autres th\u00e9matiques.  Je suis co-autrice du livre \u00ab\u00a0Je d\u00e9sature\u00a0\u00bb et autrice de \u00ab\u00a0Je change ma vie\u00a0\u00bb (Ed. Marabout).<br>Je me suis sp\u00e9cialis\u00e9e en psychologie du d\u00e9veloppement et en neuropsychologie avant de consacrer de plus en plus de mon temps aux th\u00e9rapies br\u00e8ves en cabinet.<br><br>De plus en plus, dans la pratique, le syndrome de saturation est devenu une r\u00e9alit\u00e9 quasi quotidienne, \u00e0 l&rsquo;origine de ces recherches et r\u00e9flexions&#8230;et de cette m\u00e9thode qui est apparue comme un guide \u00e0 ces th\u00e9rapies.<\/p>\n<\/div>\n\n\n\n<div class=\"wp-block-column is-vertically-aligned-top has-background-color has-text-color has-background is-layout-flow wp-block-column-is-layout-flow\" style=\"background:linear-gradient(315deg,rgb(0,0,0) 93%,rgb(255,255,255) 93%);padding-top:35px;padding-right:35px;padding-bottom:35px;padding-left:35px\">\n<h2 class=\"wp-block-heading has-text-align-left has-large-font-size\" style=\"margin-top:40px;font-style:normal;font-weight:700;line-height:0.1;text-transform:capitalize\"><mark style=\"background-color:rgba(0, 0, 0, 0)\" class=\"has-inline-color has-secondary-color\">Philippe A\u00cfM<\/mark><\/h2>\n\n\n\n<p class=\"has-text-align-left\" style=\"font-size:14px;font-style:normal;font-weight:400;line-height:0.1\"><mark style=\"background-color:rgba(0, 0, 0, 0)\" class=\"has-inline-color has-secondary-color\">Psychiatre<\/mark><\/p>\n\n\n\n<p class=\"has-text-align-left\" style=\"font-size:16px;font-style:normal;font-weight:300\">Je m&rsquo;appelle Philippe A\u00cfM, je suis psychiatre \u00e0 Paris et formateur en hypnose, th\u00e9rapies br\u00e8ves et quelques autres th\u00e9matiques. Je suis co-auteur du livre \u00ab\u00a0Je d\u00e9sature\u00a0\u00bb et auteur de quelques autres ouvrages comme \u00ab\u00a0Face au harc\u00e8lement scolaire\u00a0\u00bb ou \u00ab\u00a0Ecouter, parler: soigner\u00a0\u00bb (Ed Plon).<br><br>Pour moi aussi, le syndrome de saturation est devenu une r\u00e9alit\u00e9 dans ma pratique avec les patients, mais aussi \u00e0 l&rsquo;origine de nombreuses questions de mes coll\u00e8gues en formation. Que faire pour aider ceux qui saturent de toutes ces mani\u00e8res possibles?&#8230;<\/p>\n<\/div>\n<\/div>\n<\/div>\n<\/div>\n\n\n\n<p><\/p>\n","protected":false},"excerpt":{"rendered":"<p>Alicia SANDON Psychologue Je m&rsquo;appelle Alicia SANDON, je suis psychologue \u00e0 Verdun et formatrice en hypnose, en th\u00e9rapies br\u00e8ves narratives, et quelques autres th\u00e9matiques. Je suis co-autrice du livre \u00ab\u00a0Je d\u00e9sature\u00a0\u00bb et autrice de \u00ab\u00a0Je change ma vie\u00a0\u00bb (Ed. Marabout).Je me suis sp\u00e9cialis\u00e9e en psychologie du d\u00e9veloppement et en neuropsychologie avant de consacrer de plus [&hellip;]<\/p>\n","protected":false},"author":2,"featured_media":0,"parent":0,"menu_order":0,"comment_status":"closed","ping_status":"closed","template":"","meta":{"footnotes":""},"class_list":["post-30","page","type-page","status-publish","hentry"],"_links":{"self":[{"href":"https:\/\/jesature.com\/index.php?rest_route=\/wp\/v2\/pages\/30","targetHints":{"allow":["GET"]}}],"collection":[{"href":"https:\/\/jesature.com\/index.php?rest_route=\/wp\/v2\/pages"}],"about":[{"href":"https:\/\/jesature.com\/index.php?rest_route=\/wp\/v2\/types\/page"}],"author":[{"embeddable":true,"href":"https:\/\/jesature.com\/index.php?rest_route=\/wp\/v2\/users\/2"}],"replies":[{"embeddable":true,"href":"https:\/\/jesature.com\/index.php?rest_route=%2Fwp%2Fv2%2Fcomments&post=30"}],"version-history":[{"count":4,"href":"https:\/\/jesature.com\/index.php?rest_route=\/wp\/v2\/pages\/30\/revisions"}],"predecessor-version":[{"id":91,"href":"https:\/\/jesature.com\/index.php?rest_route=\/wp\/v2\/pages\/30\/revisions\/91"}],"wp:attachment":[{"href":"https:\/\/jesature.com\/index.php?rest_route=%2Fwp%2Fv2%2Fmedia&parent=30"}],"curies":[{"name":"wp","href":"https:\/\/api.w.org\/{rel}","templated":true}]}}